{"id":158217,"date":"2024-06-13T17:54:28","date_gmt":"2024-06-13T15:54:28","guid":{"rendered":"https:\/\/godechot-dev-import.flippad.eu\/?page_id=158217"},"modified":"2024-06-26T12:48:08","modified_gmt":"2024-06-26T10:48:08","slug":"day-date","status":"publish","type":"page","link":"https:\/\/godechot-dev-import.flippad.eu\/en\/rolex\/day-date\/","title":{"rendered":"Rolex Day-Date Watches"},"content":{"rendered":"<section class=\"bsp-breadcrumb fixed14 white\">\n    <div class=\"ariane-bsp\" itemscope=\"\" itemtype=\"https:\/\/schema.org\/BreadcrumbList\">\n        <span class=\"breadcrumb-separator breadcrumb-separator-0\">\u2039<\/span>\n\n        <span itemprop=\"itemListElement\" itemscope=\"\" itemtype=\"https:\/\/schema.org\/ListItem\">\n            <a itemprop=\"item\"  href=\"\/en\/rolex\/\"><span itemprop=\"name\">\n                    Godechot Pauliet<\/span>\n                <meta itemprop=\"position\" content=\"1\">\n            <\/a>\n        <\/span>\n        <span class=\"breadcrumb-separator breadcrumb-separator-1\">\u203a<\/span>\n\n        <span class=\"mb-bc\" itemprop=\"itemListElement\" itemscope=\"\" itemtype=\"https:\/\/schema.org\/ListItem\">\n            <a itemprop=\"item\" class=\"\" href=\"\/en\/rolex\/montres\/\"><span itemprop=\"name\">Rolex watches<\/span>\n                <meta itemprop=\"position\" content=\"2\">\n            <\/a>\n        <\/span>\n        <span class=\"breadcrumb-separator breadcrumb-separator-1\">\u203a<\/span>\n\n\n        <span itemprop=\"itemListElement\" itemscope=\"\" itemtype=\"https:\/\/schema.org\/ListItem\">\n            <span itemprop=\"name\">Day-Date<\/span>\n            <meta itemprop=\"position\" content=\"3\">\n        <\/span>\n    <\/div>\n<\/section>\n\n<section class=\"bsp-img fw bg-bsp-lightbeige\">\n    <div class=\"bsp-img_fw\">\n        <picture>\n            <source\n                srcset=\"https:\/\/d29lyl02lvyvgt.cloudfront.net\/bspv7\/collections\/col-day-date\/landscape\/rolex-day-date-cover-m228235-0055_2402jva_001-landscape.jpg\"\n                media=\"(min-width:769px)\">\n            <source\n                srcset=\"https:\/\/d29lyl02lvyvgt.cloudfront.net\/bspv7\/collections\/col-day-date\/portrait\/rolex-day-date-cover-m228235-0055_2402jva_001_portrait.jpg\"\n                media=\"(max-width:768px)\">\n            <img decoding=\"async\" src=\"\" alt=\"Rolex Day-Date watches \u2013 Godechot Pauliet\" class=\"\" title=\"\">\n        <\/picture>\n    <\/div>\n<\/section>\n\n<section class=\"bsp-pc bg-bsp-lightbeige intro\">\n    <div class=\"bsp-pc_push intro\">\n\n        <h1 class=\"mb-20 bold\">\n            <span class=\"headline50\">Rolex Day-Date <br>Ideal accomplishments<\/span>\n        <\/h1>\n        <div class=\"bsp-pc_push_txt\">\n            <p class=\"body20\"><strong>When midnight strikes, the Oyster Perpetual Day-Date forms a bridge between past and future, between what has been achieved and what remains to be lived.<\/strong>\n                Since 1956, it has borne witness to the greatest moments in history on the wrist of visionaries, virtuosos and pioneers. Those who make each day a promise for the future.\n            <\/p>\n        <\/div>\n    <\/div>\n<\/section>\n\n<section class=\"bsp-img bg-bsp-lightbeige pt-0\">\n    <div class=\"bsp-img_l bsp-pc_vid\">\n        <div class=\"bsp-pc_vid_container\">\n            <iframe data-youtube=\"https:\/\/www.youtube.com\/embed\/c0b2K2nrS3E?rel=0\" frameborder=\"0\"\n                allow=\"autoplay; encrypted-media\" allowfullscreen=\"\"\n                src=\"https:\/\/www.youtube.com\/embed\/c0b2K2nrS3E?rel=0\"><\/iframe>\n        <\/div>\n    <\/div>\n<\/section>\n\n<section class=\"bsp-pc bg-bsp-lightbeige pt-0\">\n    <div class=\"bsp-pc_push body\">\n        <div class=\"headline50 bold\">\n            The Day-Date is the watch of a global, multicultural and ever-changing world.\n        <\/div>\n        <div class=\"bsp-pc_push_txt\">\n            <p class=\"body20\">At its launch in 1956, the Day-Date was a major innovation: it was the first calendar wristwatch to indicate, in addition to the date, the day of the week spelt out in full in an arc-shaped window at 12 o\u2019clock on the dial \u2013 a technical feat at the time. Made exclusively of precious metals \u2013 18 ct yellow, white or Everose gold or 950 platinum \u2013 and accompanied by its emblematic President bracelet, its multiple dials make it the ideal canvas for self-expression.<\/p>\n        <\/div>\n    <\/div>\n<\/section>\n\n<section class=\"bsp-img bg-bsp-beige\">\n    <div class=\"bsp-img_m\">\n        <picture>\n            <source\n                srcset=\"https:\/\/d29lyl02lvyvgt.cloudfront.net\/bspv7\/collections\/col-day-date\/landscape\/rolex-day-date-m128345rbr_0068_2311jva_001-m228239-0033_2003jva_003-landscape.jpeg\"\n                media=\"(min-width:769px)\">\n            <source\n                srcset=\"https:\/\/d29lyl02lvyvgt.cloudfront.net\/bspv7\/collections\/col-day-date\/portrait\/rolex-day-date-m128345rbr_0068_2311jva_001-m228239-0033_2003jva_003_portrait.jpeg\"\n                media=\"(max-width:768px)\">\n            <img decoding=\"async\" src=\"\" alt=\"Rolex Day-Date watches \u2013 Godechot Pauliet\" class=\"\" title=\"\">\n        <\/picture>\n    <\/div>\n<\/section>\n\n<section class=\"bsp-pc bg-bsp-beige pt-0\">\n    <div class=\"bsp-pc_push body\">\n        <div class=\"headline50 bold\">\n            The Day-Date speaks its wearer's language\n        <\/div>\n        <div class=\"bsp-pc_push_txt\">\n            <p class=\"body20\">Although the days may be the same wherever you are in the world, they are written differently depending on the language. Using most writing systems \u2013 Latin, Arabic, Cyrillic, Hebrew, Japanese, Chinese ideograms and even the Ge\u2019ez alphasyllabary used in the Horn of Africa \u2013 the Day-Date expresses the cultural identity of its wearer. Available in a choice of 26 languages, it is a truly international, universal and personal watch.<\/p>\n        <\/div>\n    <\/div>\n<\/section>\n\n<section class=\"bsp-img fw\">\n    <div class=\"bsp-img_fw\">\n        <picture>\n            <source\n                srcset=\"https:\/\/d29lyl02lvyvgt.cloudfront.net\/bspv7\/collections\/col-day-date\/landscape\/rolex-day-date-m128348rbr-0049_2301jva_003-landscape.jpeg\"\n                media=\"(min-width:769px)\">\n            <source\n                srcset=\"https:\/\/d29lyl02lvyvgt.cloudfront.net\/bspv7\/collections\/col-day-date\/portrait\/rolex-day-date-m128348rbr-0049_2301jva_003_portrait.jpeg\"\n                media=\"(max-width:768px)\">\n            <img decoding=\"async\" src=\"\" alt=\"Rolex Day-Date watches \u2013 Godechot Pauliet\" class=\"\" title=\"\">\n        <\/picture>\n    <\/div>\n<\/section>\n\n<section class=\"bsp-img bg-bsp-lightbeige\">\n    <div class=\"bsp-img_m\">\n        <picture>\n            <source\n                srcset=\"https:\/\/d29lyl02lvyvgt.cloudfront.net\/bspv7\/collections\/col-day-date\/landscape\/rolex-day-date-m228238-0042_2304jva_001_v2_c-movt3255_a_2210uf_001-landscape.jpeg\"\n                media=\"(min-width:769px)\">\n            <source\n                srcset=\"https:\/\/d29lyl02lvyvgt.cloudfront.net\/bspv7\/collections\/col-day-date\/portrait\/rolex-day-date-m228238-0042_2304jva_001_v2_c-movt3255_a_2210uf_001_portrait.jpeg\"\n                media=\"(max-width:768px)\">\n            <img decoding=\"async\" src=\"\" alt=\"Rolex Day-Date watches \u2013 Godechot Pauliet\" class=\"\" title=\"\">\n        <\/picture>\n    <\/div>\n<\/section>\n\n<section class=\"bsp-pc bg-bsp-lightbeige pt-0\">\n    <div class=\"bsp-pc_push body\">\n        <div class=\"headline50 bold\">\n            The miracle of midnight <br>An ideal of precision\n        <\/div>\n        <div class=\"bsp-pc_push_txt\">\n            <p class=\"body20\">When midnight strikes, the day and date simultaneously change in their respective windows on the dial. This watchmaking feat, the \u201cmiracle of midnight\u201d, relies on a disc mechanism. It is the fruit of numerous years of research: from 1950 to 1955 Rolex registered four patents for timepieces featuring an indication of day and date.<br><br>Today, the Day-Date is equipped with calibre 3255, a movement entirely developed and manufactured by Rolex for a superlative level of performance.\n            <\/p>\n        <\/div>\n    <\/div>\n<\/section>\n\n<section class=\"bsp-img bg-bsp-beige\">\n    <div class=\"bsp-img_s\">\n        <picture>\n            <source\n                srcset=\"https:\/\/d29lyl02lvyvgt.cloudfront.net\/bspv7\/collections\/col-day-date\/landscape\/rolex-day-date-m228236-0012_2201ac_004-landscape.jpeg\"\n                media=\"(min-width:769px)\">\n            <source\n                srcset=\"https:\/\/d29lyl02lvyvgt.cloudfront.net\/bspv7\/collections\/col-day-date\/portrait\/rolex-day-date-m228236-0012_2201ac_004_portrait.jpeg\"\n                media=\"(max-width:768px)\">\n            <img decoding=\"async\" src=\"https:\/\/via.placeholder.com\/1920x1080\" alt=\"Rolex Day-Date watches \u2013 Godechot Pauliet\" class=\"\" title=\"\">\n        <\/picture>\n    <\/div>\n<\/section>\n\n<section class=\"bsp-pc bg-bsp-beige pt-0\">\n    <div class=\"bsp-pc_push body\">\n        <div class=\"headline50 bold\">\n            The President bracelet\n        <\/div>\n        <div class=\"bsp-pc_push_txt\">\n            <p class=\"body20\">Created specially for the launch of the prestigious Oyster Perpetual Day-Date and unveiled in 1956 at the model\u2019s launch, the three-piece link President bracelet, made only from 18 ct gold or 950 platinum, is still reserved exclusively for the Day-Date and precious metal versions of the Datejust.<\/p>\n        <\/div>\n    <\/div>\n<\/section>\n\n\n<section class=\"bsp-img bg-bsp-lightbeige\">\n    <div class=\"bsp-img_m\">\n        <picture>\n            <source\n                srcset=\"https:\/\/d29lyl02lvyvgt.cloudfront.net\/bspv7\/collections\/col-day-date\/landscape\/rolex-day-date-m128238-0045_20jva-m228238-0061_2207dh_001-landscape.jpeg\"\n                media=\"(min-width:769px)\">\n            <source\n                srcset=\"https:\/\/d29lyl02lvyvgt.cloudfront.net\/bspv7\/collections\/col-day-date\/portrait\/rolex-day-date-m128238-0045_20jva-m228238-0061_2207dh_001_portrait.jpeg\"\n                media=\"(max-width:768px)\">\n            <img decoding=\"async\" src=\"https:\/\/via.placeholder.com\/1920x1080\" alt=\"Rolex Day-Date watches \u2013 Godechot Pauliet\" class=\"\" title=\"\">\n        <\/picture>\n    <\/div>\n<\/section>\n\n<section class=\"bsp-pc bg-bsp-lightbeige pt-0\">\n    <div class=\"bsp-pc_push body\">\n        <div class=\"headline50 bold\">\n            A precious ally\n        <\/div>\n        <div class=\"bsp-pc_push_txt\">\n            <p class=\"body20\">\n                Worn by many of the world\u2019s political figures, directors and visionaries, the Day-Date is instantly recognizable, in particular thanks to its emblematic President bracelet, whose evocative name, together with the eminent figures who have worn it, ensured the Day-Date became known as the \u201cpresidents\u2019 watch\u201d.<br><br>Decades come and go, but the Day-Date remains where it has always been \u2013 at the cutting edge of modernity. A timepiece of prestige and the fruit of Rolex's watchmaking expertise, the Day-Date accompanies those personalities who shape the world in their respective disciplines through their commitment, human qualities and creative genius.<br><br>Among the Rolex Testimonees associated with the Day-Date, the brand celebrates American skier Lindsey Vonn, Swiss tennis player Roger Federer, American filmmaker Martin Scorsese and golfers Arnold Palmer, Jack Nicklaus and Gary Player.<\/p>\n        <\/div>\n    <\/div>\n<\/section>\n\n<section class=\"bsp-img fw  bg-bsp-lightbeige\">\n    <div class=\"bsp-img_fw\">\n        <picture>\n            <source\n                srcset=\"https:\/\/d29lyl02lvyvgt.cloudfront.net\/bspv7\/collections\/col-day-date\/landscape\/rolex-day-date-10058_rsa_cad24_everose_np24_caraibes_bs1-landscape.jpeg\"\n                media=\"(min-width:769px)\">\n            <source\n                srcset=\"https:\/\/d29lyl02lvyvgt.cloudfront.net\/bspv7\/collections\/col-day-date\/portrait\/rolex-day-date-10058_rsa_cad24_everose_np24_caraibes_bs1_portrait.jpeg\"\n                media=\"(max-width:768px)\">\n            <img decoding=\"async\" src=\"\" alt=\"Rolex Day-Date watches \u2013 Godechot Pauliet\" class=\"\" title=\"\">\n        <\/picture>\n    <\/div>\n<\/section>","protected":false},"excerpt":{"rendered":"<p>\u2039 Godechot Pauliet \u203a Montres Rolex \u203a Day-Date Rolex Day-Date L\u2019accomplissement d\u2019un id\u00e9al Quand vient minuit, l\u2019Oyster Perpetual Day-Date fait le pont entre pass\u00e9 et futur, entre ce qui a \u00e9t\u00e9 accompli et ce qui reste \u00e0 accomplir. Depuis 1956, elle s\u2019est impos\u00e9e comme le t\u00e9moin des grands mouvements de l\u2019histoire au poignet des visionnaires,&#8230;<\/p>","protected":false},"author":6,"featured_media":0,"parent":158214,"menu_order":0,"comment_status":"closed","ping_status":"closed","template":"template-collection-bsp.php","meta":{"_acf_changed":false,"_tbt_post_transparent":"","_tbt_post_title":"","_tbt_post_layout":"","_tbt_post_sidebar_id":"","_tbt_post_content_style":"","_tbt_post_vertical_padding":"","_tbt_post_feature":"","_tbt_post_feature_position":"","_tbt_post_header":false,"_tbt_post_footer":false,"footnotes":""},"class_list":["post-158217","page","type-page","status-publish","hentry"],"acf":[],"_links":{"self":[{"href":"https:\/\/godechot-dev-import.flippad.eu\/en\/wp-json\/wp\/v2\/pages\/158217","targetHints":{"allow":["GET"]}}],"collection":[{"href":"https:\/\/godechot-dev-import.flippad.eu\/en\/wp-json\/wp\/v2\/pages"}],"about":[{"href":"https:\/\/godechot-dev-import.flippad.eu\/en\/wp-json\/wp\/v2\/types\/page"}],"author":[{"embeddable":true,"href":"https:\/\/godechot-dev-import.flippad.eu\/en\/wp-json\/wp\/v2\/users\/6"}],"replies":[{"embeddable":true,"href":"https:\/\/godechot-dev-import.flippad.eu\/en\/wp-json\/wp\/v2\/comments?post=158217"}],"version-history":[{"count":0,"href":"https:\/\/godechot-dev-import.flippad.eu\/en\/wp-json\/wp\/v2\/pages\/158217\/revisions"}],"up":[{"embeddable":true,"href":"https:\/\/godechot-dev-import.flippad.eu\/en\/wp-json\/wp\/v2\/pages\/158214"}],"wp:attachment":[{"href":"https:\/\/godechot-dev-import.flippad.eu\/en\/wp-json\/wp\/v2\/media?parent=158217"}],"curies":[{"name":"wp","href":"https:\/\/api.w.org\/{rel}","templated":true}]}}