{"id":158277,"date":"2024-06-14T18:12:41","date_gmt":"2024-06-14T16:12:41","guid":{"rendered":"https:\/\/godechot-dev-import.flippad.eu\/?page_id=158277"},"modified":"2024-07-17T16:03:15","modified_gmt":"2024-07-17T14:03:15","slug":"monde-de-rolex","status":"publish","type":"page","link":"https:\/\/godechot-dev-import.flippad.eu\/en\/rolex\/monde-de-rolex\/","title":{"rendered":"World of Rolex"},"content":{"rendered":"<section class=\"bsp-breadcrumb fixed14 white\">\n    <div class=\"ariane-bsp\" itemscope=\"\" itemtype=\"https:\/\/schema.org\/BreadcrumbList\">\n        <span class=\"breadcrumb-separator breadcrumb-separator-0\">\u2039<\/span>\n        <span class=\"mb-bc\" itemprop=\"itemListElement\" itemscope=\"\" itemtype=\"https:\/\/schema.org\/ListItem\">\n            <a itemprop=\"item\" class=\"\" href=\"\/en\/rolex\/\"><span itemprop=\"name\">\n                    Godechot Pauliet<\/span>\n                <meta itemprop=\"position\" content=\"1\">\n            <\/a>\n        <\/span>\n\n        <span class=\"breadcrumb-separator breadcrumb-separator-1\">\u203a<\/span>\n\n        <span itemprop=\"itemListElement\" itemscope=\"\" itemtype=\"https:\/\/schema.org\/ListItem\">\n            <span itemprop=\"name\">World of Rolex<\/span>\n            <meta itemprop=\"position\" content=\"2\">\n        <\/span>\n    <\/div>\n<\/section>\n\n<section class=\"bsp-img fw bg-bsp-lightbeige\">\n    <div class=\"bsp-img_fw\">\n        <picture>\n            <source\n                srcset=\"https:\/\/d29lyl02lvyvgt.cloudfront.net\/bspv7\/wor\/landscape\/world-of-rolex-cover-lemans19js_1338_r-landscape.jpg\"\n                media=\"(min-width:769px)\">\n            <source\n                srcset=\"https:\/\/d29lyl02lvyvgt.cloudfront.net\/bspv7\/wor\/portrait\/world-of-rolex-cover-lemans19js_1338_r-portrait.jpg\"\n                media=\"(max-width:768px)\">\n            <img decoding=\"async\" src=\"\" alt=\"the world of rolex \u2013 Godechot Pauliet\" class=\"\" title=\"\">\n        <\/picture>\n    <\/div>\n<\/section>\n\n<section class=\"bsp-pc bg-bsp-lightbeige intro\">\n    <div class=\"bsp-pc_push intro\">\n        <h1 class=\"headline50 mb-20 bold\">\n            World of Rolex\n        <\/h1>\n        <div class=\"bsp-pc_push_txt\">\n            <p class=\"body20\"><strong>For almost a century, Rolex has developed partnerships with a diverse, extraordinary collection of talent from myriad disciplines. <\/strong>The brand is associated with exploration, elite sports and the arts, as well as a variety of events and organizations.<\/p>\n        <\/div>\n    <\/div>\n<\/section>\n\n<section class=\"bsp-pc bg-bsp-lightbeige bsp-pc_1 pt-0\">\n\n    <div class=\"bsp-pc_push\">\n        <a href=\"\/en\/rolex\/monde-de-rolex\/24h-du-mans\/\" class=\"\">\n            <picture>\n                <source\n                    srcset=\"https:\/\/d29lyl02lvyvgt.cloudfront.net\/bspv7\/wor\/landscape\/world-of-rolex-voyage-lemans23aw_0345-landscape.jpg\"\n                    media=\"(min-width:769px)\">\n                <source\n                    srcset=\"https:\/\/d29lyl02lvyvgt.cloudfront.net\/bspv7\/wor\/portrait\/world-of-rolex-voyage-lemans23aw_0345-portrait.jpg\"\n                    media=\"(max-width:768px)\">\n                <img class=\"bsp-pc_push_asset\" alt=\"the world of rolex \u2013 Godechot Pauliet\" loading=\"lazy\">\n            <\/picture>\n\n            <div class=\"bsp-pc_push_txtwrapper bsp-article\">\n                <div class=\"fixed16 bold\">\n                    Published on 05\/28\/2024\n                <\/div>\n                <h2 class=\"headline36 bold\">\n                    24 hours of Le Mans\n                <\/h2>\n                <p class=\"body20\">On June 15 and 16, 2024, the 92nd edition of the 24 Hours of Le Mans will take place, an event which, since its creation, has established endurance and mechanical excellence. Rolex has been Partner and Official Watch of this legendary race since 2001.<\/p>\n\n                <div class=\"fixed14 bold bsp-sec-cta\">Learn more &gt;<\/div>\n            <\/div>\n        <\/a>\n    <\/div>\n<\/section>\n\n<section class=\"bsp-pc bg-bsp-lightbeige bsp-pc_2 pt-0\">\n\n\n    <div class=\"bsp-pc_push pb-60\">\n        <a href=\"\/en\/rolex\/monde-de-rolex\/sailgp\/\" class=\"\">\n            <picture>\n                <source\n                    srcset=\"https:\/\/d29lyl02lvyvgt.cloudfront.net\/bspv7\/wor\/landscape\/world-of-rolex-sailGP-m126333-0022_2301es_001_xl-landscape.jpg\"\n                    media=\"(min-width:769px)\">\n                <source\n                    srcset=\"https:\/\/d29lyl02lvyvgt.cloudfront.net\/bspv7\/wor\/portrait\/world-of-rolex-sailGP-m126333-0022_2301es_001_xl-portrait.jpg\"\n                    media=\"(max-width:768px)\">\n                <img class=\"bsp-pc_push_asset\" alt=\"the world of rolex \u2013 Godechot Pauliet\" loading=\"lazy\">\n            <\/picture>\n\n            <div class=\"bsp-pc_push_txtwrapper bsp-article\">\n                <div class=\"fixed16 bold\">\n                    Published on 05\/14\/2024\n                <\/div>\n                <h2 class=\"headline36 bold\">SailGP<\/h2>\n                <p class=\"body20\">Rolex is the global Presenting Partner and exclusive Official Timepiece of the SailGP championship, a regatta circuit that pits the fastest sailing craft in the world against one another. It is raced on seas worldwide, on F50 foiling catamarans that seem to take flight across the water.<\/p>\n\n                <div class=\"fixed14 bold bsp-sec-cta\">Learn more &gt;<\/div>\n            <\/div>\n        <\/a>\n    <\/div>\n\n\n    <div class=\"bsp-pc_push pb-60\">\n        <a href=\"\/en\/rolex\/monde-de-rolex\/voyage-univers-rolex\/\" class=\"\">\n            <picture>\n                <source\n                    srcset=\"https:\/\/d29lyl02lvyvgt.cloudfront.net\/bspv7\/wor\/landscape\/world-of-rolex-voyage-bg_02-desktop.jpg\"\n                    media=\"(min-width:769px)\">\n                <source\n                    srcset=\"https:\/\/d29lyl02lvyvgt.cloudfront.net\/bspv7\/wor\/portrait\/world-of-rolex-voyage-bg_02-portrait.jpg\"\n                    media=\"(max-width:768px)\">\n                <img class=\"bsp-pc_push_asset\" alt=\"the world of rolex \u2013 Godechot Pauliet\" loading=\"lazy\">\n            <\/picture>\n\n            <div class=\"bsp-pc_push_txtwrapper bsp-article\">\n                <div class=\"fixed16 bold\">\n                    Published on 06\/09\/2024\n                <\/div>\n                <h2 class=\"headline36 bold\">\n                    A voyage into the world of Rolex\n                <\/h2>\n                <p class=\"body20\">Hans Wilsdorf was firmly convinced of a person\u2019s ability to innovate and strive for excellence. Nearly 120 years years after the creation of the brand, the founder\u2019s philosophy is more present than ever, from the manufacturing of the company\u2019s watches to its commitments worldwide.<\/p>\n\n                <div class=\"fixed14 bold bsp-sec-cta\">Learn more &gt;<\/div>\n            <\/div>\n        <\/a>\n    <\/div>\n\n    <div class=\"bsp-pc_push pb-60\">\n        <a href=\"\/en\/rolex\/monde-de-rolex\/grand-slam-of-show-jumping\/\" class=\"\">\n            <picture>\n                <source\n                    srcset=\"https:\/\/d29lyl02lvyvgt.cloudfront.net\/bspv7\/wor\/landscape\/world-of-rolex-RGSSJ-aach23an_6602_r-landscape.jpg\"\n                    media=\"(min-width:769px)\">\n                <source\n                    srcset=\"https:\/\/d29lyl02lvyvgt.cloudfront.net\/bspv7\/wor\/portrait\/world-of-rolex-RGSSJ-aach23an_6602_r-portrait.jpg\"\n                    media=\"(max-width:768px)\">\n                <img class=\"bsp-pc_push_asset\" alt=\"the world of rolex \u2013 Godechot Pauliet\" loading=\"lazy\">\n            <\/picture>\n\n            <div class=\"bsp-pc_push_txtwrapper bsp-article\">\n                <div class=\"fixed16 bold\">\n                    Published on 05\/14\/2024\n                <\/div>\n                <h2 class=\"headline36 bold\">Rolex Grand Slam of Show Jumping<\/h2>\n                <p class=\"body20\">Widely considered the greatest challenge in equestrianism, the Rolex Grand Slam of Show Jumping rewards the rider who wins, consecutively, the Grand Prix at three of the four show jumping Majors, namely, The Dutch Masters in \u2019s-Hertogenbosch, the CSIO Spruce Meadows \u2018Masters\u2019 Tournament in Calgary, the CHIO Aachen and the CHI Geneva.<\/p>\n\n                <div class=\"fixed14 bold bsp-sec-cta\">Learn more &gt;<\/div>\n            <\/div>\n        <\/a>\n    <\/div>\n<\/section>\n<script> var digitalDataLayer = {\nenvironment: {\nenvironnementVersion: \"V7\",\ncoBrandedVersion: \"Bespoke\", \n},\npage: {\npageType: \"article hub page\"\n},\n}\n<\/script>","protected":false},"excerpt":{"rendered":"<p>\u2039 Godechot Pauliet \u203a Le monde de Rolex Le Monde de Rolex Depuis pr\u00e8s d\u2019un si\u00e8cle, Rolex a nou\u00e9 des partenariats avec des talents extraordinaires, aussi diff\u00e9rents les uns que les autres. Ces talents travaillent dans des disciplines telles que l\u2019exploration, les sports d\u2019\u00e9lite, l\u2019art, ainsi que les \u00e9v\u00e9nements et les organisations auxquels ils sont&#8230;<\/p>","protected":false},"author":6,"featured_media":0,"parent":158189,"menu_order":0,"comment_status":"closed","ping_status":"closed","template":"template-static-bsp.php","meta":{"_acf_changed":false,"_tbt_post_transparent":"","_tbt_post_title":"","_tbt_post_layout":"","_tbt_post_sidebar_id":"","_tbt_post_content_style":"","_tbt_post_vertical_padding":"","_tbt_post_feature":"","_tbt_post_feature_position":"","_tbt_post_header":false,"_tbt_post_footer":false,"footnotes":""},"class_list":["post-158277","page","type-page","status-publish","hentry"],"acf":[],"_links":{"self":[{"href":"https:\/\/godechot-dev-import.flippad.eu\/en\/wp-json\/wp\/v2\/pages\/158277","targetHints":{"allow":["GET"]}}],"collection":[{"href":"https:\/\/godechot-dev-import.flippad.eu\/en\/wp-json\/wp\/v2\/pages"}],"about":[{"href":"https:\/\/godechot-dev-import.flippad.eu\/en\/wp-json\/wp\/v2\/types\/page"}],"author":[{"embeddable":true,"href":"https:\/\/godechot-dev-import.flippad.eu\/en\/wp-json\/wp\/v2\/users\/6"}],"replies":[{"embeddable":true,"href":"https:\/\/godechot-dev-import.flippad.eu\/en\/wp-json\/wp\/v2\/comments?post=158277"}],"version-history":[{"count":0,"href":"https:\/\/godechot-dev-import.flippad.eu\/en\/wp-json\/wp\/v2\/pages\/158277\/revisions"}],"up":[{"embeddable":true,"href":"https:\/\/godechot-dev-import.flippad.eu\/en\/wp-json\/wp\/v2\/pages\/158189"}],"wp:attachment":[{"href":"https:\/\/godechot-dev-import.flippad.eu\/en\/wp-json\/wp\/v2\/media?parent=158277"}],"curies":[{"name":"wp","href":"https:\/\/api.w.org\/{rel}","templated":true}]}}