{"id":158356,"date":"2024-06-20T14:18:10","date_gmt":"2024-06-20T12:18:10","guid":{"rendered":"https:\/\/godechot-dev-import.flippad.eu\/?page_id=158356"},"modified":"2024-06-27T10:45:57","modified_gmt":"2024-06-27T08:45:57","slug":"day-date","status":"publish","type":"page","link":"https:\/\/godechot-dev-import.flippad.eu\/en\/rolex\/nouveaux-modeles\/nouveaux-modeles-day-date\/","title":{"rendered":"Day-Date"},"content":{"rendered":"<section class=\"bsp-breadcrumb fixed14 white\">\n    <div class=\"ariane-bsp\" itemscope=\"\" itemtype=\"https:\/\/schema.org\/BreadcrumbList\">\n        <span class=\"breadcrumb-separator breadcrumb-separator-0\">\u2039<\/span>\n\n        <span itemprop=\"itemListElement\" itemscope=\"\" itemtype=\"https:\/\/schema.org\/ListItem\">\n            <a itemprop=\"item\" href=\"\/en\/rolex\/\"><span itemprop=\"name\">\n                    Godechot Pauliet<\/span>\n                <meta itemprop=\"position\" content=\"1\">\n            <\/a>\n        <\/span>\n        <span class=\"breadcrumb-separator breadcrumb-separator-1\">\u203a<\/span>\n\n        <span class=\"mb-bc\" itemprop=\"itemListElement\" itemscope=\"\" itemtype=\"https:\/\/schema.org\/ListItem\">\n            <a itemprop=\"item\" href=\"\/en\/rolex\/nouveaux-modeles\/\"><span itemprop=\"name\">New watches 2024<\/span>\n                <meta itemprop=\"position\" content=\"2\">\n            <\/a>\n        <\/span>\n        <span class=\"breadcrumb-separator breadcrumb-separator-1\">\u203a<\/span>\n\n\n        <span itemprop=\"itemListElement\" itemscope=\"\" itemtype=\"https:\/\/schema.org\/ListItem\">\n            <span itemprop=\"name\">Day-Date<\/span>\n            <meta itemprop=\"position\" content=\"3\">\n        <\/span>\n    <\/div>\n<\/section>\n\n<section class=\"bsp-img fw bg-bsp-lightbeige\">\n    <div class=\"bsp-img_fw\">\n        <picture>\n            <source\n                srcset=\"https:\/\/d29lyl02lvyvgt.cloudfront.net\/bspv7\/new-watches\/3-day-date\/landscape\/rolex-new-watches-2024-day-date-cover-M228235-0055_2401jva_001_RVB.jpg\"\n                media=\"(min-width:769px)\">\n            <source\n                srcset=\"https:\/\/d29lyl02lvyvgt.cloudfront.net\/bspv7\/new-watches\/3-day-date\/portrait\/rolex-new-watches-2024-day-date-cover-M228235-0055_2401jva_001_RVB-portrait.jpg\"\n                media=\"(max-width:768px)\">\n            <img decoding=\"async\" src=\"\" alt=\"New Rolex watches Day-Date - Godechot Pauliet\" title=\"\">\n        <\/picture>\n    <\/div>\n<\/section>\n\n<section class=\"bsp-pc bg-bsp-lightbeige intro\">\n    <div class=\"bsp-pc_push intro\">\n\n        <h1 class=\"mb-20 bold\">\n            <p class=\"body20 bsp-brown\">New watches 2024<\/p>\n            <span class=\"headline50\">Rolex Day-Date <br>Harmonious variations<\/span>\n        <\/h1>\n        <div class=\"bsp-pc_push_txt\">\n            <p class=\"body20\"><strong>The new versions of the Day-Date express the brand\u2019s enduring desire for rare and wide-ranging expertise to be found in even the smallest details. <\/strong>\n                Colours, materials, motifs, hour markers \u2013 each element contributes to the harmony of the new combinations.\n            <\/p>\n        <\/div>\n    <\/div>\n<\/section>\n\n<section class=\"bsp-img bg-bsp-lightbeige pt-0\">\n    <div class=\"bsp-img_l bsp-pc_vid\">\n        <div class=\"bsp-pc_vid_container\">\n            <iframe data-youtube=\"https:\/\/www.youtube.com\/embed\/uw71ME0s29o?rel=0\" frameborder=\"0\"\n                allow=\"autoplay; encrypted-media\" allowfullscreen=\"\"\n                src=\"https:\/\/www.youtube.com\/embed\/uw71ME0s29o?rel=0\"><\/iframe>\n        <\/div>\n    <\/div>\n<\/section>\n\n<section class=\"bsp-pc bg-bsp-lightbeige pt-0\">\n    <div class=\"bsp-pc_push body\">\n        <div class=\"headline50 bold\">\n            Rolex is enriching the Day-Date range with new versions of the Oyster-Perpetual Day-Date 40 and the Oyster Perpetual Day-Date 36 showcasing finely worked dials.\n        <\/div>\n    <\/div>\n<\/section>\n<section class=\"bsp-img bg-bsp-lightbeige pt-0\">\n    <div class=\"bsp-img_s\">\n        <picture>\n            <source\n                srcset=\"https:\/\/d29lyl02lvyvgt.cloudfront.net\/bspv7\/new-watches\/3-day-date\/landscape\/rolex-new-watches-2024-day-date-new-version-ombre-dial-M228235-0055_2401jva_002_rvb.jpg\"\n                media=\"(min-width:769px)\">\n            <source\n                srcset=\"https:\/\/d29lyl02lvyvgt.cloudfront.net\/bspv7\/new-watches\/3-day-date\/portrait\/rolex-new-watches-2024-day-date-new-version-ombre-dial-M228235-0055_2401jva_002_rvb-portrait.jpg\"\n                media=\"(max-width:768px)\">\n            <img decoding=\"async\" src=\"\" alt=\"New Rolex watches Day-Date - Godechot Pauliet\" title=\"\">\n        <\/picture>\n    <\/div>\n<\/section>\n<section class=\"bsp-pc bg-bsp-lightbeige pt-0\">\n    <div class=\"bsp-pc_push body\">\n        <div class=\"bsp-pc_push_txt\">\n            <p class=\"body20\">Ombr\u00e9 dials make their debut on the Day-Date 40. The version presented, in 18 ct Everose gold, introduces slate ombr\u00e9 \u2013 a completely new hue for such a dial, whose surface, coloured at the centre, progresses to a deep black around the edge. Also appearing for the first time on the ombr\u00e9 dial of this watch are faceted, deconstructed Roman numerals and faceted index hour markers in 18 ct pink gold. Until now, Rolex ombr\u00e9 dials were set with diamond hour markers and were reserved for the Day-Date 36. This dial represents the continuity of a design that Rolex introduced in the 1980s and relaunched in 2019.\n                <br><br>\n                Fashioned from 18 ct white gold, a second new version of the Day-Date 40 features a dial made of pearlized white mother-of-pearl. This natural material is used on the model for the very first time. On the version presented, the shimmer of the mother-of-pearl is further enhanced by the ten baguette-cut diamonds set onto the dial as hour markers.\n            <\/p>\n        <\/div>\n    <\/div>\n<\/section>\n<section class=\"bsp-img bg-bsp-lightbeige pt-0\">\n    <div class=\"bsp-img_s\">\n        <picture>\n            <source\n                srcset=\"https:\/\/d29lyl02lvyvgt.cloudfront.net\/bspv7\/new-watches\/3-day-date\/landscape\/rolex-new-watches-2024-day-date-pearlized-white-mother-of-pearl.jpg\"\n                media=\"(min-width:769px)\">\n            <source\n                srcset=\"https:\/\/d29lyl02lvyvgt.cloudfront.net\/bspv7\/new-watches\/3-day-date\/portrait\/rolex-new-watches-2024-day-date-pearlized-white-mother-of-pearl-portrait.jpg\"\n                media=\"(max-width:768px)\">\n            <img decoding=\"async\" src=\"\" alt=\"New Rolex watches Day-Date - Godechot Pauliet\" title=\"\">\n        <\/picture>\n    <\/div>\n<\/section>\n<section class=\"bsp-pc bg-bsp-lightbeige pt-0\">\n    <div class=\"bsp-pc_push body\">\n        <div class=\"bsp-pc_push_txt\">\n            <p class=\"body20\">The Day-Date 36 proposes a dial with faceted, deconstructed Roman numerals and faceted index hour markers, which were until now exclusive to the Day-Date 40. A new variant of the Day-Date 36 in 18 ct yellow gold reveals a white lacquer dial complemented by these now-emblematic hour markers with their perfect geometrical forms and uniformly smooth and shiny surface. Each element is crafted individually in a special workshop, undergoing no fewer than seven operations in the hands of an expert before being applied to the dial.\n            <\/p>\n        <\/div>\n    <\/div>\n<\/section>\n\n\n<section class=\"bsp-img fw bg-bsp-lightbeige\">\n    <div class=\"bsp-img_fw\">\n        <picture>\n            <source\n                srcset=\"https:\/\/d29lyl02lvyvgt.cloudfront.net\/bspv7\/new-watches\/3-day-date\/landscape\/rolex-new-watches-2024-day-date-ambiance-M128395TBR-0032_2401jva_001_rvb.jpg\"\n                media=\"(min-width:769px)\">\n            <source\n                srcset=\"https:\/\/d29lyl02lvyvgt.cloudfront.net\/bspv7\/new-watches\/3-day-date\/portrait\/rolex-new-watches-2024-day-date-ambiance-M128395TBR-0032_2401jva_001_rvb-portrait.jpg\"\n                media=\"(max-width:768px)\">\n            <img decoding=\"async\" src=\"\" alt=\"New Rolex watches Day-Date - Godechot Pauliet\" title=\"\">\n        <\/picture>\n    <\/div>\n<\/section>\n\n<section class=\"bsp-pc bg-bsp-lightbeige\">\n    <div class=\"bsp-pc_push body\">\n        <div class=\"bsp-pc_push_txt\">\n            <p class=\"body20\">\n                For the first time, the Day-Date 36 in 18 ct Everose gold sports a blue-green dial, which is adorned with ten baguette-cut diamonds. This dial of remarkable depth and intensity is notably available on a version of the watch whose bezel is set with 60 trapeze-cut diamonds. The creation of this bezel, previously reserved for the Day-Date 36 in 950 platinum and the Day-Date 40 in 18 ct gold or 950 platinum, demands time and patience on the part of the gem-setter, who adjusts and sets each of the stones by hand.\n                <br><br>\n                Day-Date 40 and Day-Date 36 models are equipped with calibre 3255, a movement at the forefront of watchmaking technology, enabling them to display the day and the date, as well as the hours, minutes and seconds.\n                <br><br>\n                Like all Rolex watches, the Oyster Perpetual Day-Date 40 and Oyster Perpetual Day-Date 36 carry the Superlative Chronometer certification, which ensures excellent performance on the wrist.\n\n            <\/p>\n        <\/div>\n    <\/div>\n<\/section>\n\n\n\n\n\n<section class=\"bsp-img bg-bsp-beige\">\n    <div class=\"bsp-img_m\">\n        <picture>\n            <source\n                srcset=\"https:\/\/d29lyl02lvyvgt.cloudfront.net\/bspv7\/new-watches\/3-day-date\/landscape\/rolex-new-watches-2024-day-date-major-innovation-M128238-0113_2401jva_002_rvb.jpg\"\n                media=\"(min-width:769px)\">\n            <source\n                srcset=\"https:\/\/d29lyl02lvyvgt.cloudfront.net\/bspv7\/new-watches\/3-day-date\/portrait\/rolex-new-watches-2024-day-date-major-innovation-M128238-0113_2401jva_002_rvb-portrait.jpg\"\n                media=\"(max-width:768px)\">\n            <img decoding=\"async\" src=\"\" alt=\"New Rolex watches Day-Date - Godechot Pauliet\" title=\"\">\n        <\/picture>\n<\/section>\n<section class=\"bsp-pc bg-bsp-beige pt-0\">\n    <div class=\"bsp-pc_push body\">\n        <div class=\"headline50 bold\">\n            Exclusivity according to Rolex\n        <\/div>\n        <div class=\"bsp-pc_push_txt\">\n            <p class=\"body20\">At its launch in 1956, the Day-Date was a major innovation: it was the first calendar wristwatch to indicate, in addition to the date, the day of the week spelt out in full in an arc-shaped window at 12 o\u2019clock on the dial \u2013 a technical feat at the time. The day of the week is available in a choice of 26 languages. Watches in the Day-Date range are made only of precious metals \u2013 18 ct yellow, white or Everose gold, or 950 platinum.\n            <\/p>\n        <\/div>\n    <\/div>\n<\/section>\n\n\n<section class=\"bsp-img bg-bsp-lightbeige\">\n    <div class=\"bsp-img_m\">\n        <picture>\n            <source\n                srcset=\"https:\/\/d29lyl02lvyvgt.cloudfront.net\/bspv7\/new-watches\/3-day-date\/landscape\/rolex-new-watches-2024-day-date-oyster-case-symbol-of-waterproofness.jpg\"\n                media=\"(min-width:769px)\">\n            <source\n                srcset=\"https:\/\/d29lyl02lvyvgt.cloudfront.net\/bspv7\/new-watches\/3-day-date\/portrait\/rolex-new-watches-2024-day-date-oyster-case-symbol-of-waterproofness-portrait.jpg\"\n                media=\"(max-width:768px)\">\n            <img decoding=\"async\" src=\"\" alt=\"New Rolex watches Day-Date - Godechot Pauliet\" title=\"\">\n        <\/picture>\n    <\/div>\n<\/section>\n<section class=\"bsp-pc bg-bsp-lightbeige pt-0\">\n    <div class=\"bsp-pc_push body\">\n        <div class=\"headline50 bold\">\n            The Oyster case, symbol of waterproofness\n        <\/div>\n        <div class=\"bsp-pc_push_txt\">\n            <p class=\"body20\">\n                A paragon of robustness and elegance, the Oyster case of the Day-Date 40 and Day-Date 36, measuring 40 mm and 36 mm respectively, is guaranteed waterproof to a depth of 100 metres (330 feet). The Twinlock winding crown, fitted with a double waterproofness system, screws down securely against the case. The crystal, which features a Cyclops lens at 3 o\u2019clock for easy reading of the date, is made of virtually scratchproof sapphire and benefits from an anti-reflective coating. The waterproof Oyster case provides optimal protection for the movement it houses.\n            <\/p>\n        <\/div>\n    <\/div>\n<\/section>\n\n<section class=\"bsp-img fw bg-bsp-lightbeige\">\n    <div class=\"bsp-img_fw\">\n        <picture>\n            <source\n                srcset=\"https:\/\/d29lyl02lvyvgt.cloudfront.net\/bspv7\/new-watches\/3-day-date\/landscape\/rolex-new-watches-2024-day-date-ambiance-M128238-0113_2401jva_001_rvb.jpg\"\n                media=\"(min-width:769px)\">\n            <source\n                srcset=\"https:\/\/d29lyl02lvyvgt.cloudfront.net\/bspv7\/new-watches\/3-day-date\/portrait\/rolex-new-watches-2024-day-date-ambiance-M128238-0113_2401jva_001_rvb-portrait.jpg\"\n                media=\"(max-width:768px)\">\n            <img decoding=\"async\" src=\"\" alt=\"New Rolex watches Day-Date - Godechot Pauliet\" title=\"\">\n        <\/picture>\n    <\/div>\n<\/section>\n\n<section class=\"bsp-img bg-bsp-lightbeige\">\n    <div class=\"bsp-img_s\">\n        <picture>\n            <source\n                srcset=\"https:\/\/d29lyl02lvyvgt.cloudfront.net\/bspv7\/new-watches\/3-day-date\/landscape\/rolex-new-watches-2024-day-date-movement-3255.jpg\"\n                media=\"(min-width:769px)\">\n            <source\n                srcset=\"https:\/\/d29lyl02lvyvgt.cloudfront.net\/bspv7\/new-watches\/3-day-date\/portrait\/rolex-new-watches-2024-day-date-movement-3255-portrait.jpg\"\n                media=\"(max-width:768px)\">\n            <img decoding=\"async\" src=\"\" alt=\"New Rolex watches Day-Date - Godechot Pauliet\" title=\"\">\n        <\/picture>\n    <\/div>\n<\/section>\n<section class=\"bsp-pc bg-bsp-lightbeige pt-0\">\n    <div class=\"bsp-pc_push body\">\n        <div class=\"headline50 bold\">\n            Perpetual calibre 3255\n        <\/div>\n        <div class=\"bsp-pc_push_txt\">\n            <p class=\"body20\">\n                The Day-Date 40 and the Day-Date 36 are equipped with calibre 3255, a movement entirely developed and manufactured by Rolex that was released in 2015 and introduced on the former at its launch the same year and on the latter in 2019. A distillation of technology, this self-winding mechanical movement delivers outstanding performance, particularly in terms of precision, power reserve, convenience and reliability.\n                <br><br>Calibre 3255 is equipped with a self-winding system via a Perpetual rotor. Thanks to its barrel architecture and the escapement\u2019s superior efficiency, the power reserve of this movement extends to approximately 70 hours.\n            <\/p>\n        <\/div>\n    <\/div>\n<\/section>\n<section class=\"bsp-img bg-bsp-lightbeige pt-0\">\n    <div class=\"bsp-img_m\">\n        <picture>\n            <source\n                srcset=\"https:\/\/d29lyl02lvyvgt.cloudfront.net\/bspv7\/new-watches\/3-day-date\/landscape\/rolex-new-watches-2024-day-date-president-bracelet-M128238-0113_2401uf_001.jpg\"\n                media=\"(min-width:769px)\">\n            <source\n                srcset=\"https:\/\/d29lyl02lvyvgt.cloudfront.net\/bspv7\/new-watches\/3-day-date\/portrait\/rolex-new-watches-2024-day-date-president-bracelet-M128238-0113_2401uf_001-portrait.jpg\"\n                media=\"(max-width:768px)\">\n            <img decoding=\"async\" src=\"\" alt=\"New Rolex watches Day-Date - Godechot Pauliet\" title=\"\">\n        <\/picture>\n    <\/div>\n<\/section>\n<section class=\"bsp-pc bg-bsp-lightbeige pt-0\">\n    <div class=\"bsp-pc_push body\">\n        <div class=\"headline50 bold\">\n            President bracelet\n        <\/div>\n        <div class=\"bsp-pc_push_txt\">\n            <p class=\"body20\">\n                The Day-Date 40 and the Day-Date 36 are fitted on a President bracelet. Created specially for the launch of the prestigious Oyster Perpetual Day-Date in 1956, this three-piece link bracelet, made only from 18 ct gold or 950 platinum, is still reserved exclusively for the Day-Date and precious metal versions of the Datejust. The bracelet is equipped with an elegant concealed folding Crownclasp and includes patented ceramic inserts \u2013 designed by Rolex \u2013 inside the links to enhance its flexibility on the wrist and its longevity.\n        <\/div>\n    <\/div>\n<\/section>\n\n\n<section class=\"bsp-img bg-bsp-beige\">\n    <div class=\"bsp-img_s\">\n        <picture>\n            <source\n                srcset=\"https:\/\/d29lyl02lvyvgt.cloudfront.net\/bspv7\/new-watches\/3-day-date\/landscape\/rolex-new-watches-2024-superlative-chronometer-certification.jpg\"\n                media=\"(min-width:769px)\">\n            <source\n                srcset=\"https:\/\/d29lyl02lvyvgt.cloudfront.net\/bspv7\/new-watches\/3-day-date\/portrait\/rolex-new-watches-2024-superlative-chronometer-certification-portrait.jpg\"\n                media=\"(max-width:768px)\">\n            <img decoding=\"async\" src=\"\" alt=\"New Rolex watches Day-Date - Godechot Pauliet\" title=\"\">\n        <\/picture>\n    <\/div>\n<\/section>\n<section class=\"bsp-pc bg-bsp-beige pt-0\">\n    <div class=\"bsp-pc_push body\">\n        <div class=\"headline50 bold\">\n            Superlative Chronometer certification\n        <\/div>\n        <div class=\"bsp-pc_push_txt\">\n            <p class=\"body20\">\n                Like all Rolex watches, the Oyster Perpetual Day-Date 40 and the Oyster Perpetual Day-Date 36 are covered by the Superlative Chronometer certification redefined by Rolex in 2015. This designation testifies that every watch leaving the brand\u2019s workshops has successfully undergone a series of tests conducted by Rolex in its own laboratories according to its own criteria, following the official certification of the movements by the Swiss Official Chronometer Testing Institute (COSC).\n            <\/p>\n        <\/div>\n    <\/div>\n<\/section>","protected":false},"excerpt":{"rendered":"<p>\u2039 Godechot Pauliet \u203a Nouveaux mod\u00e8les 2024 \u203a Day-Date Nouveaux mod\u00e8les 2024 Rolex Day-Date L\u2019harmonie des variations La gamme Day-Date s\u2019\u00e9toffe de nouvelles variations qui se jouent selon une partition ma\u00eetris\u00e9e depuis longtemps. Celle de savoir-faire rares et multiples s\u2019exprimant jusque dans le moindre d\u00e9tail. Couleurs, mati\u00e8res, d\u00e9cors, marqueurs d\u2019heure : chaque \u00e9l\u00e9ment contribue ainsi&#8230;<\/p>","protected":false},"author":6,"featured_media":0,"parent":158220,"menu_order":0,"comment_status":"closed","ping_status":"closed","template":"template-nouveaux-modeles-bsp.php","meta":{"_acf_changed":false,"_tbt_post_transparent":"","_tbt_post_title":"","_tbt_post_layout":"","_tbt_post_sidebar_id":"","_tbt_post_content_style":"","_tbt_post_vertical_padding":"","_tbt_post_feature":"","_tbt_post_feature_position":"","_tbt_post_header":false,"_tbt_post_footer":false,"footnotes":""},"class_list":["post-158356","page","type-page","status-publish","hentry"],"acf":[],"_links":{"self":[{"href":"https:\/\/godechot-dev-import.flippad.eu\/en\/wp-json\/wp\/v2\/pages\/158356","targetHints":{"allow":["GET"]}}],"collection":[{"href":"https:\/\/godechot-dev-import.flippad.eu\/en\/wp-json\/wp\/v2\/pages"}],"about":[{"href":"https:\/\/godechot-dev-import.flippad.eu\/en\/wp-json\/wp\/v2\/types\/page"}],"author":[{"embeddable":true,"href":"https:\/\/godechot-dev-import.flippad.eu\/en\/wp-json\/wp\/v2\/users\/6"}],"replies":[{"embeddable":true,"href":"https:\/\/godechot-dev-import.flippad.eu\/en\/wp-json\/wp\/v2\/comments?post=158356"}],"version-history":[{"count":0,"href":"https:\/\/godechot-dev-import.flippad.eu\/en\/wp-json\/wp\/v2\/pages\/158356\/revisions"}],"up":[{"embeddable":true,"href":"https:\/\/godechot-dev-import.flippad.eu\/en\/wp-json\/wp\/v2\/pages\/158220"}],"wp:attachment":[{"href":"https:\/\/godechot-dev-import.flippad.eu\/en\/wp-json\/wp\/v2\/media?parent=158356"}],"curies":[{"name":"wp","href":"https:\/\/api.w.org\/{rel}","templated":true}]}}