{"id":115396,"date":"2022-10-24T10:46:47","date_gmt":"2022-10-24T08:46:47","guid":{"rendered":"http:\/\/godechot-dev-import.flippad.eu\/non%20class\u00e9\/pendentif-serpent-boheme-motif-m\/"},"modified":"2023-05-09T15:39:19","modified_gmt":"2023-05-09T13:39:19","slug":"pendentif-serpent-boheme-motif-m","status":"publish","type":"product","link":"https:\/\/godechot-dev-import.flippad.eu\/en\/bijoux\/colliers\/pendentif-serpent-boheme-motif-m\/","title":{"rendered":"Serpent Boh\u00e8me Pendant, Pattern M"},"content":{"rendered":"<p>More Bohemian than ever, the iconic collection from Maison Boucheron is now available in a turquoise version. Its drop pendant decorated with azure blue magnifies the gold work of Boucheron artisans.<\/p>\n<p>1 Turquoise 2.25 carats Yellow Gold 750 5.24g.<\/p>","protected":false},"excerpt":{"rendered":"<p>Plus Boh\u00e8me que jamais, la collection embl\u00e9matique de la Maison Boucheron se d\u00e9cline en version turquoise. Son pendentif goutte orn\u00e9 d&rsquo;un bleu azur\u00e9en magnifie le travail de l&rsquo;or des artisans Boucheron. 1 Turquoise 2,25 carats Or Jaune 750 5,24g.<\/p>","protected":false},"featured_media":0,"template":"","meta":{"_acf_changed":false,"_tbt_post_transparent":"","_tbt_post_title":"","_tbt_post_layout":"","_tbt_post_sidebar_id":"","_tbt_post_content_style":"","_tbt_post_vertical_padding":"","_tbt_post_feature":"","_tbt_post_feature_position":"","_tbt_post_header":false,"_tbt_post_footer":false},"pwb-brand":[1078],"product_brand":[],"product_cat":[286,308],"product_tag":[],"bsp_collections":[],"rcpo_collections":[],"class_list":{"0":"post-115396","1":"product","2":"type-product","3":"status-publish","5":"pwb-brand-boucheron","6":"product_cat-bijoux","7":"product_cat-colliers","8":"pa_genre-femme","9":"pa_matiere-or-jaune","10":"pa_pierre-pierres-de-couleur","11":"pa_type-de-produit-colliers","13":"first","14":"outofstock","15":"sold-individually","16":"taxable","17":"shipping-taxable","18":"purchasable","19":"product-type-simple","20":"entry","21":"content-bg","22":"loop-entry"},"acf":[],"brands":[{"id":1078,"name":"Boucheron","slug":"boucheron"}],"_links":{"self":[{"href":"https:\/\/godechot-dev-import.flippad.eu\/en\/wp-json\/wp\/v2\/product\/115396","targetHints":{"allow":["GET"]}}],"collection":[{"href":"https:\/\/godechot-dev-import.flippad.eu\/en\/wp-json\/wp\/v2\/product"}],"about":[{"href":"https:\/\/godechot-dev-import.flippad.eu\/en\/wp-json\/wp\/v2\/types\/product"}],"wp:attachment":[{"href":"https:\/\/godechot-dev-import.flippad.eu\/en\/wp-json\/wp\/v2\/media?parent=115396"}],"wp:term":[{"taxonomy":"pwb-brand","embeddable":true,"href":"https:\/\/godechot-dev-import.flippad.eu\/en\/wp-json\/wp\/v2\/pwb-brand?post=115396"},{"taxonomy":"product_brand","embeddable":true,"href":"https:\/\/godechot-dev-import.flippad.eu\/en\/wp-json\/wp\/v2\/product_brand?post=115396"},{"taxonomy":"product_cat","embeddable":true,"href":"https:\/\/godechot-dev-import.flippad.eu\/en\/wp-json\/wp\/v2\/product_cat?post=115396"},{"taxonomy":"product_tag","embeddable":true,"href":"https:\/\/godechot-dev-import.flippad.eu\/en\/wp-json\/wp\/v2\/product_tag?post=115396"},{"taxonomy":"bsp_collections","embeddable":true,"href":"https:\/\/godechot-dev-import.flippad.eu\/en\/wp-json\/wp\/v2\/bsp_collections?post=115396"},{"taxonomy":"rcpo_collections","embeddable":true,"href":"https:\/\/godechot-dev-import.flippad.eu\/en\/wp-json\/wp\/v2\/rcpo_collections?post=115396"}],"curies":[{"name":"wp","href":"https:\/\/api.w.org\/{rel}","templated":true}]}}