{"id":116103,"date":"2022-10-24T11:18:53","date_gmt":"2022-10-24T09:18:53","guid":{"rendered":"http:\/\/godechot-dev-import.flippad.eu\/non%20class\u00e9\/motif-de-bracelet-homme-diamant-noir-et-titane-noir-move-titanium\/"},"modified":"2023-05-09T15:24:21","modified_gmt":"2023-05-09T13:24:21","slug":"motif-de-bracelet-homme-diamant-noir-et-titane-noir-move-titanium","status":"publish","type":"product","link":"https:\/\/godechot-dev-import.flippad.eu\/en\/bijoux\/bracelets\/motif-de-bracelet-homme-diamant-noir-et-titane-noir-move-titanium\/","title":{"rendered":"Men&#039;s Bracelet Pattern Black Diamond and Black Titanium Move Titanium"},"content":{"rendered":"<p>Discover the Move Titanium collection from Maison Messika, with this Titanium bracelet pattern set with Black Diamonds. This exceptional piece of jewelry is sold separately from the bracelet so that you can personalize it as you wish. Treat yourself to a unique and trendy piece of jewelry by coming to Godechot Pauliet Horloger Joaillier in Paris. Don&#039;t wait any longer to treat yourself with this magnificent jewel from Maison Messika, available at Godechot Pauliet in Paris.<\/p>","protected":false},"excerpt":{"rendered":"<p>D\u00e9couvrez la collection Move Titanium de la Maison Messika, avec ce motif de bracelet en Titane serti de Diamant Noirs. Ce bijou d&rsquo;exception est vendu s\u00e9par\u00e9ment du bracelet pour que vous puissiez le personnaliser \u00e0 votre guise. Offrez-vous un bijou unique et tendance en venant chez Godechot Pauliet Horloger Joaillier \u00e0 Paris. N&rsquo;attendez plus pour&#8230;<\/p>","protected":false},"featured_media":0,"template":"","meta":{"_acf_changed":false,"_tbt_post_transparent":"","_tbt_post_title":"","_tbt_post_layout":"","_tbt_post_sidebar_id":"","_tbt_post_content_style":"","_tbt_post_vertical_padding":"","_tbt_post_feature":"","_tbt_post_feature_position":"","_tbt_post_header":false,"_tbt_post_footer":false},"pwb-brand":[1299],"product_brand":[],"product_cat":[286,309],"product_tag":[],"bsp_collections":[],"rcpo_collections":[],"class_list":{"0":"post-116103","1":"product","2":"type-product","3":"status-publish","5":"pwb-brand-messika","6":"product_cat-bijoux","7":"product_cat-bracelets","8":"pa_collection-move-titanium","9":"pa_genre-homme","10":"pa_matiere-titane","11":"pa_pierre-diamant-noir","12":"pa_type-de-produit-bracelets","14":"first","15":"instock","16":"sold-individually","17":"taxable","18":"shipping-taxable","19":"purchasable","20":"product-type-simple","21":"entry","22":"content-bg","23":"loop-entry"},"acf":[],"brands":[{"id":1299,"name":"Messika","slug":"messika"}],"_links":{"self":[{"href":"https:\/\/godechot-dev-import.flippad.eu\/en\/wp-json\/wp\/v2\/product\/116103","targetHints":{"allow":["GET"]}}],"collection":[{"href":"https:\/\/godechot-dev-import.flippad.eu\/en\/wp-json\/wp\/v2\/product"}],"about":[{"href":"https:\/\/godechot-dev-import.flippad.eu\/en\/wp-json\/wp\/v2\/types\/product"}],"wp:attachment":[{"href":"https:\/\/godechot-dev-import.flippad.eu\/en\/wp-json\/wp\/v2\/media?parent=116103"}],"wp:term":[{"taxonomy":"pwb-brand","embeddable":true,"href":"https:\/\/godechot-dev-import.flippad.eu\/en\/wp-json\/wp\/v2\/pwb-brand?post=116103"},{"taxonomy":"product_brand","embeddable":true,"href":"https:\/\/godechot-dev-import.flippad.eu\/en\/wp-json\/wp\/v2\/product_brand?post=116103"},{"taxonomy":"product_cat","embeddable":true,"href":"https:\/\/godechot-dev-import.flippad.eu\/en\/wp-json\/wp\/v2\/product_cat?post=116103"},{"taxonomy":"product_tag","embeddable":true,"href":"https:\/\/godechot-dev-import.flippad.eu\/en\/wp-json\/wp\/v2\/product_tag?post=116103"},{"taxonomy":"bsp_collections","embeddable":true,"href":"https:\/\/godechot-dev-import.flippad.eu\/en\/wp-json\/wp\/v2\/bsp_collections?post=116103"},{"taxonomy":"rcpo_collections","embeddable":true,"href":"https:\/\/godechot-dev-import.flippad.eu\/en\/wp-json\/wp\/v2\/rcpo_collections?post=116103"}],"curies":[{"name":"wp","href":"https:\/\/api.w.org\/{rel}","templated":true}]}}