{"id":123286,"date":"2023-05-09T14:26:00","date_gmt":"2023-05-09T12:26:00","guid":{"rendered":"https:\/\/godechot-dev-import.flippad.eu\/bague-serpent-boheme-motif-s-7\/"},"modified":"2023-05-09T14:27:10","modified_gmt":"2023-05-09T12:27:10","slug":"bague-serpent-boheme-motif-s-7","status":"publish","type":"product","link":"https:\/\/godechot-dev-import.flippad.eu\/en\/bijoux\/bagues\/bague-serpent-boheme-motif-s-7\/","title":{"rendered":"Serpent Boh\u00e8me Ring, Pattern S"},"content":{"rendered":"<p>Fine and feminine, this Serpent Boh\u00e8me ring is now set with onyx and crowned with gold beads. This aesthetic, specific to Serpent Boh\u00e8me, reveals all the art of the jeweler.1 pear onyx 1.60 carat 750\/1000 pink gold 2.50 g<\/p>","protected":false},"excerpt":{"rendered":"<p>Fine and feminine, this Serpent Boh\u00e8me ring is now set with onyx and crowned with gold beads. This aesthetic, specific to Serpent Boh\u00e8me, reveals all the art of the jeweler.1 pear onyx 1.60 carat 750\/1000 pink gold 2.50 g<\/p>","protected":false},"featured_media":0,"template":"","meta":{"_acf_changed":false,"_tbt_post_transparent":"","_tbt_post_title":"","_tbt_post_layout":"","_tbt_post_sidebar_id":"","_tbt_post_content_style":"","_tbt_post_vertical_padding":"","_tbt_post_feature":"","_tbt_post_feature_position":"","_tbt_post_header":false,"_tbt_post_footer":false},"pwb-brand":[1078],"product_brand":[],"product_cat":[310,286],"product_tag":[],"bsp_collections":[],"rcpo_collections":[],"class_list":{"0":"post-123286","1":"product","2":"type-product","3":"status-publish","5":"pwb-brand-boucheron","6":"product_cat-bagues","7":"product_cat-bijoux","8":"pa_genre-femme","9":"pa_matiere-or-rose","10":"pa_pierre-pierres-de-couleur","11":"pa_type-de-produit-bagues","13":"first","14":"outofstock","15":"sold-individually","16":"taxable","17":"shipping-taxable","18":"purchasable","19":"product-type-variable","20":"entry","21":"content-bg","22":"loop-entry"},"acf":[],"brands":[{"id":1078,"name":"Boucheron","slug":"boucheron"}],"_links":{"self":[{"href":"https:\/\/godechot-dev-import.flippad.eu\/en\/wp-json\/wp\/v2\/product\/123286","targetHints":{"allow":["GET"]}}],"collection":[{"href":"https:\/\/godechot-dev-import.flippad.eu\/en\/wp-json\/wp\/v2\/product"}],"about":[{"href":"https:\/\/godechot-dev-import.flippad.eu\/en\/wp-json\/wp\/v2\/types\/product"}],"wp:attachment":[{"href":"https:\/\/godechot-dev-import.flippad.eu\/en\/wp-json\/wp\/v2\/media?parent=123286"}],"wp:term":[{"taxonomy":"pwb-brand","embeddable":true,"href":"https:\/\/godechot-dev-import.flippad.eu\/en\/wp-json\/wp\/v2\/pwb-brand?post=123286"},{"taxonomy":"product_brand","embeddable":true,"href":"https:\/\/godechot-dev-import.flippad.eu\/en\/wp-json\/wp\/v2\/product_brand?post=123286"},{"taxonomy":"product_cat","embeddable":true,"href":"https:\/\/godechot-dev-import.flippad.eu\/en\/wp-json\/wp\/v2\/product_cat?post=123286"},{"taxonomy":"product_tag","embeddable":true,"href":"https:\/\/godechot-dev-import.flippad.eu\/en\/wp-json\/wp\/v2\/product_tag?post=123286"},{"taxonomy":"bsp_collections","embeddable":true,"href":"https:\/\/godechot-dev-import.flippad.eu\/en\/wp-json\/wp\/v2\/bsp_collections?post=123286"},{"taxonomy":"rcpo_collections","embeddable":true,"href":"https:\/\/godechot-dev-import.flippad.eu\/en\/wp-json\/wp\/v2\/rcpo_collections?post=123286"}],"curies":[{"name":"wp","href":"https:\/\/api.w.org\/{rel}","templated":true}]}}